{"id":1471,"date":"2025-04-24T13:03:03","date_gmt":"2025-04-24T11:03:03","guid":{"rendered":"https:\/\/garciaadamez.eu\/politica-de-cookies\/"},"modified":"2025-08-08T13:38:29","modified_gmt":"2025-08-08T11:38:29","slug":"politica-de-cookies","status":"publish","type":"page","link":"https:\/\/garciaadamez.eu\/es\/politica-de-cookies\/","title":{"rendered":"Pol\u00edtica de cookies"},"content":{"rendered":"\t\t<div data-elementor-type=\"wp-page\" data-elementor-id=\"1471\" class=\"elementor elementor-1471 elementor-114\" data-elementor-post-type=\"page\">\n\t\t\t\t<div class=\"elementor-element elementor-element-f6114b4 texto e-flex e-con-boxed e-con e-parent\" data-id=\"f6114b4\" data-element_type=\"container\" data-e-type=\"container\">\n\t\t\t\t\t<div class=\"e-con-inner\">\n\t\t\t\t<div class=\"elementor-element elementor-element-acf4da0 elementor-widget elementor-widget-text-editor\" data-id=\"acf4da0\" data-element_type=\"widget\" data-e-type=\"widget\" data-widget_type=\"text-editor.default\">\n\t\t\t\t\t\t\t\t\t<p>La empresa CONSTRUCCIONES GARC\u00cdA AD\u00c1MEZ S.L., con CIF: B57194771, con domicilio en: GRAN V\u00cdA ASIMA N\u00ba 31, ESC 1, PISO 2, OFICINA 2 07009 PALMA DE MALLORCA, BALEARES, direcci\u00f3n de correo electr\u00f3nico: administracion@garciaadamez.com y p\u00e1gina web: www.construccionesga.com, informa expresamente a los usuarios que de conformidad con el Art. 22.2 de la Ley 34\/2002, de 11 de julio, de servicios de la sociedad de la informaci\u00f3n y de comercio electr\u00f3nico (LSSI), este sitio web utiliza \u00abcookies\u00bb con la finalidad de prestar un mejor servicio y proporcionarte una mejor experiencia de navegaci\u00f3n.<\/p><p>En esta pol\u00edtica de &#8216;cookies&#8217; encontrar\u00e1s la descripci\u00f3n y finalidad de cada una de las &#8216;cookies&#8217; utilizadas, as\u00ed como su nombre, el servidor de env\u00edo, su caducidad e informaci\u00f3n sobre c\u00f3mo verificar si existe una transferencia internacional de datos.<\/p><p>Queremos informarte de manera clara y precisa sobre las \u00abcookies\u00bb que utilizamos, detallando a continuaci\u00f3n; qu\u00e9 es una \u00abcookie\u00bb, para qu\u00e9 sirve, qu\u00e9 tipos de \u00abcookies\u00bb utilizamos, cu\u00e1l es su finalidad y c\u00f3mo puedes configurarlas o desactivarlas si lo deseas.<\/p><p>\u00bfQu\u00e9 es una \u00abgalleta\u00bb?<\/p><p> <\/p><p>Una \u00abcookie\u00bb es un fichero que se descarga en los sitios web y que se env\u00eda desde determinados sitios web al navegador, y que se almacenan en el ordenador del usuario, que puede ser un ordenador personal, un tel\u00e9fono m\u00f3vil, una tableta, etc. Estos archivos permiten que el sitio web recuerde informaci\u00f3n sobre tu visita, como el idioma y los favoritos, lo que permite recuperar informaci\u00f3n sobre la navegaci\u00f3n realizada desde tu ordenador, con el fin de facilitar tu pr\u00f3xima visita y hacer que el sitio sea m\u00e1s \u00fatil gracias a la personalizaci\u00f3n de su contenido. <\/p><p>\u00bfC\u00f3mo se utilizan las \u00abcookies\u00bb?<\/p><p> <\/p><p>Al navegar por este sitio web, el usuario acepta la instalaci\u00f3n de \u00abcookies\u00bb en su ordenador y que nos permiten conocer la siguiente informaci\u00f3n:<\/p><p>  Reconocerte como usuario. Obtener informaci\u00f3n sobre tus h\u00e1bitos de navegaci\u00f3n. Personalizar la forma en que se muestra el contenido. -Informaci\u00f3n estad\u00edstica sobre el uso del sitio web.   <\/p><p>-El inicio de sesi\u00f3n del usuario para mantener la sesi\u00f3n abierta en el sitio web.<\/p><p>-El formato de sitio web preferido para acceder desde dispositivos m\u00f3viles.<\/p><p>-Las b\u00fasquedas m\u00e1s recientes realizadas en los servicios del sitio web y los datos de personalizaci\u00f3n de estos servicios.<\/p><p>-Informaci\u00f3n sobre los anuncios que se muestran a los usuarios.<\/p><p>-Informaci\u00f3n procedente de encuestas en las que hayan participado los usuarios.<\/p><p>-Datos sobre la conexi\u00f3n con las redes sociales de los usuarios que acceden a trav\u00e9s de sus cuentas de Facebook o Twitter.<\/p><p>A continuaci\u00f3n encontrar\u00e1s una clasificaci\u00f3n de las &#8216;cookies&#8217; que existen y pueden ser utilizadas en nuestro sitio web, teniendo en cuenta que una misma &#8216;cookie&#8217; puede estar incluida en m\u00e1s de una categor\u00eda.<\/p><p>  Tipos de \u00abcookies\u00bb:<\/p><p>A.-Tipos de cookies seg\u00fan el plazo de tiempo que permanecen activadas. En funci\u00f3n del plazo de tiempo que permanezcan activadas en el equipo terminal, este sitio web puede utilizar tanto cookies temporales de sesi\u00f3n como cookies permanentes.<\/p><p> <\/p><p>1.- &#8216;Cookies&#8217; de sesi\u00f3n: las &#8216;cookies&#8217; de sesi\u00f3n almacenan datos \u00fanicamente mientras el usuario accede a la web. Se suelen emplear para almacenar informaci\u00f3n que s\u00f3lo interesa conservar para la prestaci\u00f3n del servicio solicitado por el usuario en una sola ocasi\u00f3n y desaparecen al terminar la sesi\u00f3n. <\/p><p> <\/p><p>2.- &#8216;Cookies&#8217; Persistentes \/ Permanentes: las &#8216;cookies&#8217; permanentes almacenan los datos en el terminal para que sean accedidos y utilizados en m\u00e1s de una sesi\u00f3n. Los datos que permanecen almacenados en el terminal pueden ser accedidos y tratados durante un periodo definido por el responsable de la cookie y que puede ir de unos minutos a varios a\u00f1os. <\/p><p> <\/p><p>B.-Tipos de cookies seg\u00fan su finalidad. Seg\u00fan la finalidad para la que se traten los datos obtenidos a trav\u00e9s de las \u00abcookies\u00bb, el sitio web podr\u00e1 utilizar:<\/p><p> <\/p><ol><li>Cookies\u00bb estrictamente necesarias: Las \u00abcookies\u00bb estrictamente necesarias son absolutamente esenciales para que el sitio web funcione correctamente. Esta categor\u00eda s\u00f3lo incluye \u00abcookies\u00bb que garantizan funcionalidades b\u00e1sicas y caracter\u00edsticas de seguridad del sitio web. Estas \u00abcookies\u00bb no almacenan ninguna informaci\u00f3n personal.  <\/li><\/ol><p> <\/p><p>2.-\u00abCookies\u00bb t\u00e9cnicas: Son aqu\u00e9llas que permiten al usuario la navegaci\u00f3n a trav\u00e9s de una p\u00e1gina web, plataforma o aplicaci\u00f3n y la utilizaci\u00f3n de las diferentes opciones o servicios que en ella existan como, por ejemplo, controlar el tr\u00e1fico y la comunicaci\u00f3n de datos, identificar la sesi\u00f3n iniciada, permitir el acceso a partes de acceso restringido, recordar los elementos que integran un pedido, realizar el proceso de compra de un pedido, realizar la solicitud de inscripci\u00f3n o participaci\u00f3n en un evento, utilizar elementos de seguridad durante la navegaci\u00f3n, almacenar contenidos para la difusi\u00f3n de videos o sonido o compartir contenidos a trav\u00e9s de redes sociales, etc.<\/p><p> <\/p><p>3.-\u00abCookies\u00bb de personalizaci\u00f3n o preferencias: Son aqu\u00e9llas que permiten almacenar datos del usuario para que \u00e9ste pueda acceder al servicio con algunas caracter\u00edsticas que lo diferencien de otros usuarios, como por ejemplo el idioma, la apariencia, la regi\u00f3n desde la que accede al servicio, etc.<\/p><p> <\/p><p>4.- \u00abCookies\u00bb estrictamente necesarias: Las &#8216;cookies&#8217; estrictamente necesarias son absolutamente imprescindibles para que el sitio web funcione correctamente. Esta categor\u00eda s\u00f3lo incluye \u00abcookies\u00bb que garantizan funcionalidades b\u00e1sicas y caracter\u00edsticas de seguridad del sitio web. Estas \u00abcookies\u00bb no almacenan ninguna informaci\u00f3n personal.  <\/p><p> <\/p><p>5.-\u00abCookies\u00bb de publicidad comportamental: Son aqu\u00e9llas que permiten la gesti\u00f3n, de la forma m\u00e1s eficaz posible, de los espacios publicitarios que, en su caso, el editor haya incluido en una p\u00e1gina web, aplicaci\u00f3n o plataforma desde la que presta el servicio solicitado. Estas cookies almacenan informaci\u00f3n del comportamiento de los usuarios obtenida a trav\u00e9s de la observaci\u00f3n continuada de sus h\u00e1bitos de navegaci\u00f3n, lo que permite desarrollar un perfil espec\u00edfico para mostrar publicidad en funci\u00f3n del mismo. <\/p><p> <\/p><p>C.- Tipos de cookies seg\u00fan la entidad que las gestiona. Seg\u00fan quien sea la entidad que gestione el equipo o dominio desde donde se env\u00edan las cookies y trate los datos que se obtengan, podemos distinguir:<\/p><p> <\/p><p>1.- Cookies propias\/de origen: se entiende por tales aquellas que se env\u00edan al equipo del usuario desde un equipo o dominio gestionado por el propio editor y desde el que se presta el servicio solicitado por el Usuario.<\/p><p> <\/p><p>2.- Cookies de terceros: Son aqu\u00e9llas que se env\u00edan al equipo del usuario desde un equipo o dominio que no es gestionado por el editor, sino por otra entidad que trata los datos obtenidos trav\u00e9s de las cookies. En determinados sitios web se pueden instalar \u00abcookies\u00bb de terceros que permiten gestionar y mejorar los servicios ofrecidos. Puede tratarse de Google Analytics y de los servicios estad\u00edsticos de Comscore.  <\/p><p> <\/p><p>Los usuarios aceptan expresamente el uso de &#8216;cookies&#8217; al navegar o utilizar nuestros servicios. No obstante, el usuario puede optar por impedir la generaci\u00f3n de &#8216;cookies&#8217; y su eliminaci\u00f3n mediante la selecci\u00f3n de la correspondiente opci\u00f3n en su navegador. Determinados servicios o funcionalidades del sitio web pueden no estar disponibles si bloqueas el uso de \u00abcookies\u00bb en tu navegador.  <\/p><p>Al navegar o utilizar nuestros servicios, el usuario acepta expresamente el uso que hacemos de las &#8216;cookies&#8217;. No obstante, el usuario tiene la opci\u00f3n de impedir la generaci\u00f3n de &#8216;cookies&#8217; y la eliminaci\u00f3n de las mismas mediante la selecci\u00f3n de la correspondiente opci\u00f3n en su navegador. Si bloqueas el uso de &#8216;cookies&#8217; en tu navegador, es posible que algunos servicios o funcionalidades del sitio web no est\u00e9n disponibles.  <\/p><p>  La Entidad utiliza las siguientes \u00abcookies\u00bb en este sitio web para los fines que se indican a continuaci\u00f3n:<\/p><p> <\/p><p><strong>COOKIES DE ORIGEN (PROPIAS)<\/strong><\/p><p> <\/p><table width=\"100%\"><tbody><tr><td width=\"20%\"><p>CookieID<br>(ID de la cookie y c\u00f3mo aparece en la cach\u00e9 del navegador)<\/p><\/td><td width=\"13%\"><p>Tipo <br>(de origen o de terceros)<\/p><\/td><td width=\"24%\"><p>Caducidad<br>(Fecha de caducidad\/duraci\u00f3n de la cookie una vez instalada)<\/p><\/td><td width=\"23%\"><p>Dominio<br>(El dominio al que est\u00e1 vinculada la cookie)<\/p><\/td><td width=\"18%\"><p>Descripci\u00f3n<br>(Funci\u00f3n y finalidad de la cookie)<\/p><\/td><\/tr><tr><td width=\"20%\"><p>XSRF-TOKEN<\/p><\/td><td width=\"13%\"><p>Primera Parte<\/p><\/td><td width=\"24%\"><p>Cookie de sesi\u00f3n<\/p><\/td><td width=\"23%\"><p>.www.construccionesga.com<\/p><\/td><td width=\"18%\"><p>ESENCIAL<\/p><\/td><\/tr><tr><td width=\"20%\"><p>hs<\/p><\/td><td width=\"13%\"><p>Primera Parte<\/p><\/td><td width=\"24%\"><p>Cookie de sesi\u00f3n<\/p><\/td><td width=\"23%\"><p>.www.construccionesga.com<\/p><\/td><td width=\"18%\"><p>ESENCIAL<\/p><\/td><\/tr><tr><td width=\"20%\"><p>ssr-caching<\/p><\/td><td width=\"13%\"><p>Primera Parte<\/p><\/td><td width=\"24%\"><p>Cookie persistente<\/p><p>Caducidad \/Duraci\u00f3n: 1 minuto<\/p><\/td><td width=\"23%\"><p>.www.construccionesga.com<\/p><\/td><td width=\"18%\"><p>ESENCIAL<\/p><\/td><\/tr><tr><td width=\"20%\"><p>svSession<\/p><\/td><td width=\"13%\"><p>Primera Parte<\/p><\/td><td width=\"24%\"><p>Cookie persistente<\/p><p>Caducidad \/Duraci\u00f3n: 1 a\u00f1o.<\/p><\/td><td width=\"23%\"><p>.www.construccionesga.com<\/p><\/td><td width=\"18%\"><p>ESENCIAL<\/p><\/td><\/tr><tr><td width=\"20%\"><p>bSesi\u00f3n<\/p><\/td><td width=\"13%\"><p>Primera parte<\/p><\/td><td width=\"24%\"><p>Cookie persistente<\/p><p>Caducidad \/Duraci\u00f3n: 1 minuto<\/p><\/td><td width=\"23%\"><p>.www.construccionesga.com<\/p><\/td><td width=\"18%\"><p>ESENCIAL<\/p><\/td><\/tr><tr><td width=\"20%\"><p>pol\u00edtica de consentimiento<\/p><\/td><td width=\"13%\"><p>Primera parte<\/p><\/td><td width=\"24%\"><p>Cookie persistente<\/p><p>Caducidad \/Duraci\u00f3n: 1 a\u00f1o.<\/p><\/td><td width=\"23%\"><p>.www.construccionesga.com<\/p><\/td><td width=\"18%\"><p>ESENCIAL<\/p><\/td><\/tr><tr><td width=\"20%\"><p>server-session-bind<\/p><\/td><td width=\"13%\"><p>Primera Parte<\/p><\/td><td width=\"24%\"><p>Cookie de sesi\u00f3n<\/p><\/td><td width=\"23%\"><p>.www.construccionesga.com<\/p><\/td><td width=\"18%\"><p>ESENCIAL<\/p><\/td><\/tr><\/tbody><\/table><p><strong> <\/strong><\/p><p><strong> <\/strong><\/p><p><strong> <\/strong><\/p><p><strong>COOKIES DE TERCEROS POWR.IO<\/strong><\/p><p> <\/p><table width=\"100%\"><tbody><tr><td width=\"20%\"><p>CookieID<br>(ID de la cookie y c\u00f3mo aparece en la cach\u00e9 del navegador)<\/p><\/td><td width=\"20%\"><p>Tipo <br>(de origen o de terceros)<\/p><\/td><td width=\"22%\"><p>Caducidad<br>(Fecha de caducidad\/duraci\u00f3n de la cookie una vez instalada)<\/p><\/td><td width=\"17%\"><p>Dominio<br>(El dominio al que est\u00e1 vinculada la cookie)<\/p><\/td><td width=\"20%\"><p>Descripci\u00f3n<br>(Funci\u00f3n y finalidad de la cookie)<\/p><\/td><\/tr><tr><td width=\"20%\"><p>usuarioAfinidad<\/p><\/td><td width=\"20%\"><p>Terceros. Proveedor Powr.io <\/p><\/td><td width=\"22%\"><p>Cookie persistenteExpiraci\u00f3n \/Duraci\u00f3n: 1 d\u00eda<\/p><\/td><td width=\"17%\"><p>www.powr.io<\/p><\/td><td width=\"20%\"><p>COOKIES DE AN\u00c1LISIS<\/p><\/td><\/tr><tr><td width=\"20%\"><p>_ga<\/p><\/td><td width=\"20%\"><p>Tercero. Proveedor Powr.io <\/p><\/td><td width=\"22%\"><p>Cookie persistenteExpiraci\u00f3n \/Duraci\u00f3n: 1 d\u00eda<\/p><\/td><td width=\"17%\"><p>www.powr.io<\/p><\/td><td width=\"20%\"><p>COOKIES DE AN\u00c1LISIS<\/p><\/td><\/tr><tr><td width=\"20%\"><p>_gid<\/p><\/td><td width=\"20%\"><p>Tercero. Proveedor Powr.io <\/p><\/td><td width=\"22%\"><p>Cookie persistenteExpiraci\u00f3n \/Duraci\u00f3n: 1 d\u00eda<\/p><\/td><td width=\"17%\"><p>www.powr.io<\/p><\/td><td width=\"20%\"><p>COOKIES DE AN\u00c1LISIS<\/p><\/td><\/tr><tr><td width=\"20%\"><p>ahoy_unico_38796167<\/p><\/td><td width=\"20%\"><p>Terceros. Proveedor Powr.io <\/p><\/td><td width=\"22%\"><p>Cookie persistenteExpiraci\u00f3n \/Duraci\u00f3n: 1 d\u00eda<\/p><\/td><td width=\"17%\"><p>www.powr.io<\/p><\/td><td width=\"20%\"><p>COOKIES DE AN\u00c1LISIS<\/p><\/td><\/tr><tr><td width=\"20%\"><p>ahoy_visit<\/p><\/td><td width=\"20%\"><p>Terceros. Proveedor Powr.io <\/p><\/td><td width=\"22%\"><p>Cookie persistenteExpiraci\u00f3n \/Duraci\u00f3n: 1 d\u00eda<\/p><\/td><td width=\"17%\"><p>www.powr.io<\/p><\/td><td width=\"20%\"><p>COOKIES DE AN\u00c1LISIS<\/p><\/td><\/tr><tr><td width=\"20%\"><p>ahoy_visitor<\/p><\/td><td width=\"20%\"><p>Terceros. Proveedor Powr.io <\/p><\/td><td width=\"22%\"><p>Cookie persistenteExpiraci\u00f3n \/Duraci\u00f3n: 1 a\u00f1o.<\/p><\/td><td width=\"17%\"><p>www.powr.io<\/p><\/td><td width=\"20%\"><p>COOKIES DE AN\u00c1LISIS<\/p><\/td><\/tr><\/tbody><\/table><p><strong> <\/strong><\/p><p><strong> <\/strong><\/p><p><strong> <\/strong><\/p><p><strong>COOKIES DE TERCEROS YOUTUBE<\/strong><\/p><p> <\/p><table width=\"100%\"><tbody><tr><td width=\"20%\"><p>CookieID<br>(ID de la cookie y c\u00f3mo aparece en la cach\u00e9 del navegador)<\/p><\/td><td width=\"20%\"><p>Tipo <br>(de origen o de terceros)<\/p><\/td><td width=\"20%\"><p>Caducidad<br>(Fecha de caducidad\/duraci\u00f3n de la cookie una vez instalada)<\/p><\/td><td width=\"20%\"><p>Dominio<br>(El dominio al que est\u00e1 vinculada la cookie)<\/p><\/td><td width=\"20%\"><p>Descripci\u00f3n<br>(Funci\u00f3n y finalidad de la cookie)<\/p><\/td><\/tr><tr><td width=\"20%\"><p>YSC<\/p><\/td><td width=\"20%\"><p>Terceros. Proveedor Youtube <\/p><\/td><td width=\"20%\"><p>Cookie de sesi\u00f3n<\/p><\/td><td width=\"20%\"><p><a href=\"http:\/\/www.google.es\/intl\/es\/policies\/technologies\/types\/\" target=\"_blank\" rel=\"noopener\">.youtube.com<\/a><\/p><\/td><td width=\"20%\"><p>PERSONALIZACI\u00d3N \u00abCOOKIES<\/p><\/td><\/tr><tr><td width=\"20%\"><p>APISID<\/p><p> <\/p><\/td><td width=\"20%\"><p>Terceros. Proveedor Youtube <\/p><\/td><td width=\"20%\"><p>Cookie persistente. Caducidad \/Duraci\u00f3n: 6 meses\/ 1 a\u00f1o <\/p><\/td><td width=\"20%\"><p><a href=\"http:\/\/www.google.es\/intl\/es\/policies\/technologies\/types\/\" target=\"_blank\" rel=\"noopener\">.youtube.com<\/a><\/p><\/td><td width=\"20%\"><p>COOKIES T\u00c9CNICAS<\/p><\/td><\/tr><tr><td width=\"20%\"><p>__Secure-3PAPISID __Secure-3PSID<\/p><p>__Seguridad-3PSIDTS<\/p><p>__Seguro-3PSIDCC<\/p><p>__Seguridad-1SSIDTS<\/p><p>__Secure-1PAPISID __Secure-1PSID<\/p><p>__Seguro-1SSIDCC<\/p><p>__Seguro-ROLLOUT_TOKEN<\/p><p>_Seguridad-YEC<\/p><\/td><td width=\"20%\"><p>Terceros. Proveedor Youtube <\/p><\/td><td width=\"20%\"><p>Cookie persistente. Caducidad \/Duraci\u00f3n: 6 meses\/ 1 a\u00f1o <\/p><\/td><td width=\"20%\"><p><a href=\"http:\/\/www.google.es\/intl\/es\/policies\/technologies\/types\/\" target=\"_blank\" rel=\"noopener\">.youtube.com<\/a><\/p><\/td><td width=\"20%\"><p>COOKIES T\u00c9CNICAS<\/p><\/td><\/tr><\/tbody><\/table><p> <\/p><p>Las \u00abcookies\u00bb no contienen informaci\u00f3n que les permita, por s\u00ed mismas, identificar a un usuario concreto. Por lo que a nosotros respecta, la informaci\u00f3n obtenida s\u00f3lo puede asociarse a un usuario concreto si \u00e9ste se identifica en la Web. En tal caso, dichos datos ser\u00e1n tratados de conformidad con la pol\u00edtica de privacidad de la Web, cumpliendo en todo momento con las exigencias de la normativa vigente en materia de protecci\u00f3n de datos de car\u00e1cter personal. Los usuarios afectados podr\u00e1n ejercer en cualquier momento sus derechos de acceso, rectificaci\u00f3n y supresi\u00f3n de los datos, as\u00ed como otros derechos tal y como se explica en la citada pol\u00edtica de privacidad. Para m\u00e1s informaci\u00f3n debes acceder a nuestra Pol\u00edtica de Protecci\u00f3n de Datos.    <\/p><p>Las &#8216;cookies&#8217; se utilizar\u00e1n \u00fanica y exclusivamente durante el tiempo necesario, para cumplir los fines para los que se haya indicado en cada cookie. En relaci\u00f3n con las &#8216;cookies&#8217; de terceros, los periodos de retenci\u00f3n pueden consultarse en las pol\u00edticas de privacidad y de &#8216;cookies&#8217; de los terceros. Una vez caducada la &#8216;cookie&#8217;, podr\u00e1 renovarse si el usuario acepta de nuevo su uso.  <\/p><p>Puedes informarte sobre las transferencias a terceros pa\u00edses que, en su caso, realicen los terceros identificados en esta pol\u00edtica de \u00abcookies\u00bb en sus correspondientes pol\u00edticas.<\/p><p>\u00bfC\u00f3mo gestionar las cookies en tu navegador?<\/p><p>El usuario tiene la opci\u00f3n de permitir, bloquear o eliminar las cookies instaladas en su equipo mediante la configuraci\u00f3n de las opciones del navegador instalado en su terminal.<\/p><p>\u00bfC\u00f3mo se autoriza a la empresa el uso de cookies en este sitio web?<\/p><p>En relaci\u00f3n con el uso de cookies en este sitio web descrito en el apartado anterior, como usuario autorizas y consientes su uso de la siguiente forma: Cuando accedas a cualquier sitio web, aparecer\u00e1 un mensaje indic\u00e1ndote que el sitio web de CONSTRUCCIONES GARC\u00cdA AD\u00c1MEZ S.L. utiliza cookies, y que puedes aceptar o rechazar su uso configurando los ajustes de tu navegador. Si no configuras tu navegador para que las cookies no est\u00e9n activadas, al navegar por el sitio web de CONSTRUCCIONES GARC\u00cdA AD\u00c1MEZ S.L. y utilizar sus servicios estar\u00e1s aceptando el uso que se hace de ellas. <\/p><p>\u00bfC\u00f3mo se retira el consentimiento para el uso de cookies en este sitio web?<\/p><p>Como usuario tienes la opci\u00f3n de no dar tu consentimiento para el uso de &#8216;cookies&#8217; en cualquier momento a trav\u00e9s de tu navegador web, y puedes permitir, bloquear o eliminar las &#8216;cookies&#8217; instaladas en tu sistema mediante la configuraci\u00f3n de las opciones del navegador web que utilices en tu dispositivo (ordenador, m\u00f3vil, tableta). Puedes permitir o bloquear las \u00abcookies\u00bb, as\u00ed como eliminar tus datos de navegaci\u00f3n (incluidas las \u00abcookies\u00bb) del navegador que utilices. Para ello, consulta las opciones e instrucciones que te ofrece tu navegador. Ten en cuenta que si aceptas &#8216;cookies&#8217; de terceros, debes eliminarlas de la opci\u00f3n del navegador.   <\/p><p>Sin habilitar las \u00abcookies\u00bb necesarias y t\u00e9cnicas descritas en esta pol\u00edtica de \u00abcookies\u00bb, algunos servicios o funcionalidades del sitio web pueden no estar disponibles.<\/p><p>Si no se activan las cookies como se ha descrito anteriormente, no se prestar\u00e1n los servicios web indicados.<\/p><p>Los siguientes enlaces explican c\u00f3mo realizar este proceso para los principales navegadores web:<\/p><p>Cromo: http:\/\/support.google.com\/chrome\/bin\/answer.py?hl=es&amp;answer=95647<\/p><p>Microsoft Edge: https:\/\/support.microsoft.com\/es-es\/microsoft-edge\/eliminar-las-cookies-en-microsoft-edge -63947406-40ac-c3b8-57b9-2a946a29ae09<\/p><p>Firefox: http:\/\/support.mozilla.org\/es\/kb\/habilitar-y-deshabilitar-cookies-que-los-sitios-we<\/p><p>Safari: https:\/\/support.apple.com\/kb\/PH17191?locale=es_ES<\/p><p>Actualizar la pol\u00edtica de cookies<\/p><p>La empresa CONSTRUCCIONES GARC\u00cdA AD\u00c1MEZ S.L. actualizar\u00e1 esta pol\u00edtica cuando sea necesario, bien porque una normativa as\u00ed se lo exija, bien porque haya eliminado determinadas cookies, o bien porque est\u00e9 utilizando cookies nuevas. Cualquier modificaci\u00f3n de la misma ser\u00e1 publicada en este sitio web. <\/p><p>Una vez que se te haya informado de las nuevas condiciones, y \u00e9stas se hayan puesto a tu disposici\u00f3n mediante su publicaci\u00f3n en este sitio web, se aplicar\u00e1 la nueva pol\u00edtica de cookies, que sustituir\u00e1 autom\u00e1ticamente a la anterior.<\/p><p class=\"font_8 wixui-rich-text__text\">Si tiene dudas sobre esta pol\u00edtica de cookies, puede contactar con la empresa CONSTRUCCIONES GARC\u00cdA AD\u00c1MEZ S.L. en el email administracion@garciaadamez.com<\/p>\t\t\t\t\t\t\t\t<\/div>\n\t\t\t\t\t<\/div>\n\t\t\t\t<\/div>\n\t\t\t\t<\/div>\n\t\t","protected":false},"excerpt":{"rendered":"<p>La empresa CONSTRUCCIONES GARC\u00cdA AD\u00c1MEZ S.L., con CIF: B57194771, con domicilio en: GRAN V\u00cdA ASIMA N\u00ba 31, ESC 1, PISO 2, OFICINA 2 07009 PALMA DE MALLORCA, BALEARES, direcci\u00f3n de correo electr\u00f3nico: administracion@garciaadamez.com y p\u00e1gina web: www.construccionesga.com, informa expresamente a los usuarios que de conformidad con el Art. 22.2 de la Ley 34\/2002, de 11 [&hellip;]<\/p>\n","protected":false},"author":1,"featured_media":0,"parent":0,"menu_order":0,"comment_status":"closed","ping_status":"closed","template":"","meta":{"_acf_changed":false,"footnotes":""},"class_list":["post-1471","page","type-page","status-publish","hentry"],"acf":[],"_links":{"self":[{"href":"https:\/\/garciaadamez.eu\/es\/wp-json\/wp\/v2\/pages\/1471","targetHints":{"allow":["GET"]}}],"collection":[{"href":"https:\/\/garciaadamez.eu\/es\/wp-json\/wp\/v2\/pages"}],"about":[{"href":"https:\/\/garciaadamez.eu\/es\/wp-json\/wp\/v2\/types\/page"}],"author":[{"embeddable":true,"href":"https:\/\/garciaadamez.eu\/es\/wp-json\/wp\/v2\/users\/1"}],"replies":[{"embeddable":true,"href":"https:\/\/garciaadamez.eu\/es\/wp-json\/wp\/v2\/comments?post=1471"}],"version-history":[{"count":2,"href":"https:\/\/garciaadamez.eu\/es\/wp-json\/wp\/v2\/pages\/1471\/revisions"}],"predecessor-version":[{"id":1927,"href":"https:\/\/garciaadamez.eu\/es\/wp-json\/wp\/v2\/pages\/1471\/revisions\/1927"}],"wp:attachment":[{"href":"https:\/\/garciaadamez.eu\/es\/wp-json\/wp\/v2\/media?parent=1471"}],"curies":[{"name":"wp","href":"https:\/\/api.w.org\/{rel}","templated":true}]}}